{"id":1271,"date":"2020-06-02T20:39:46","date_gmt":"2020-06-02T18:39:46","guid":{"rendered":"http:\/\/www.muehlenhofschule.de\/?page_id=1271"},"modified":"2020-06-02T22:21:32","modified_gmt":"2020-06-02T20:21:32","slug":"aktuelles-aus-dem-schulleben","status":"publish","type":"page","link":"https:\/\/www.muehlenhofschule.de\/en\/aktuelles-aus-dem-schulleben\/","title":{"rendered":"News from school life"},"content":{"rendered":"<div class=\"fusion-fullwidth fullwidth-box fusion-builder-row-1 nonhundred-percent-fullwidth non-hundred-percent-height-scrolling\" style=\"background-color: rgba(255,255,255,0);background-position: center center;background-repeat: no-repeat;padding-top:0px;padding-right:0px;padding-bottom:0px;padding-left:0px;margin-bottom: 0px;margin-top: 0px;border-width: 0px 0px 0px 0px;border-color:#e2e2e2;border-style:solid;\" ><div class=\"fusion-builder-row fusion-row\"><div class=\"fusion-layout-column fusion_builder_column fusion-builder-column-0 fusion_builder_column_1_1 1_1 fusion-one-full fusion-column-first fusion-column-last\" style=\"margin-top:0px;margin-bottom:0px;\"><div class=\"fusion-column-wrapper fusion-flex-column-wrapper-legacy\" style=\"background-position:left top;background-repeat:no-repeat;-webkit-background-size:cover;-moz-background-size:cover;-o-background-size:cover;background-size:cover;padding: 0px 0px 0px 0px;\"><div class=\"fusion-blog-shortcode fusion-blog-shortcode-1 fusion-blog-archive fusion-blog-layout-large fusion-blog-pagination\"><div class=\"fusion-posts-container fusion-posts-container-pagination fusion-blog-rollover\" data-pages=\"5\"><article id=\"blog-1-post-74792\" class=\"fusion-post-large post-74792 post type-post status-publish format-standard hentry category-allgemein\">\n\t<style type=\"text\/css\">\n\t\t\n\t\t\n\t\t\n\t\t\n\t\t\t<\/style>\n\n\n<div class=\"fusion-post-content post-content\"><h2 class=\"blog-shortcode-post-title entry-title\"><a href=\"https:\/\/www.muehlenhofschule.de\/en\/2026\/04\/12\/gemeinsam-sicher-praevention-und-schutz-an-unserer-schu\/\">Gemeinsam sicher &#8211; Pr\u00e4vention und Schutz an unserer Schule<\/a><\/h2><div class=\"fusion-post-content-container\"><p>Unsere Schule soll ein sicherer Ort f\u00fcr alle Kinder sein. [...]<\/p><\/div><\/div><div class=\"fusion-clearfix\"><\/div><div class=\"fusion-meta-info\"><div class=\"fusion-alignleft\">By <span class=\"vcard\"><span class=\"fn\"><a href=\"https:\/\/www.muehlenhofschule.de\/en\/author\/sreese\/\" title=\"Posts by Sandra Reese\" rel=\"author\">Sandra Reese<\/a><\/span><\/span><span class=\"fusion-inline-sep\">|<\/span><span class=\"updated\" style=\"display:none;\">2026-04-12T17:05:03+02:00<\/span><span>April 12th, 2026<\/span><span class=\"fusion-inline-sep\">|<\/span>Categories: <a href=\"https:\/\/www.muehlenhofschule.de\/en\/category\/allgemein\/\" rel=\"category tag\">Generally<\/a><span class=\"fusion-inline-sep\">|<\/span><\/div><div class=\"fusion-alignright\"><a class=\"fusion-read-more\" href=\"https:\/\/www.muehlenhofschule.de\/en\/2026\/04\/12\/gemeinsam-sicher-praevention-und-schutz-an-unserer-schu\/\" aria-label=\"More on Gemeinsam sicher &#8211; Pr\u00e4vention und Schutz an unserer Schule\">Read More<\/a><\/div><\/div><\/article>\n<article id=\"blog-1-post-74780\" class=\"fusion-post-large post-74780 post type-post status-publish format-standard hentry category-allgemein\">\n\t<style type=\"text\/css\">\n\t\t\n\t\t\n\t\t\n\t\t\n\t\t\t<\/style>\n\n\n<div class=\"fusion-post-content post-content\"><h2 class=\"blog-shortcode-post-title entry-title\"><a href=\"https:\/\/www.muehlenhofschule.de\/en\/2026\/01\/11\/elterncafe-am-mittwoch-14-01\/\">Elterncaf\u00e9 am Mittwoch (15.04.)<\/a><\/h2><div class=\"fusion-post-content-container\"><p>Am 15.04.\u00a0 findet wieder das Elterncaf\u00e9 der M\u00fchlenhofschule statt, wie [...]<\/p><\/div><\/div><div class=\"fusion-clearfix\"><\/div><div class=\"fusion-meta-info\"><div class=\"fusion-alignleft\">By <span class=\"vcard\"><span class=\"fn\"><a href=\"https:\/\/www.muehlenhofschule.de\/en\/author\/sreese\/\" title=\"Posts by Sandra Reese\" rel=\"author\">Sandra Reese<\/a><\/span><\/span><span class=\"fusion-inline-sep\">|<\/span><span class=\"updated\" style=\"display:none;\">2026-04-12T17:03:53+02:00<\/span><span>January 11th, 2026<\/span><span class=\"fusion-inline-sep\">|<\/span>Categories: <a href=\"https:\/\/www.muehlenhofschule.de\/en\/category\/allgemein\/\" rel=\"category tag\">Generally<\/a><span class=\"fusion-inline-sep\">|<\/span><\/div><div class=\"fusion-alignright\"><a class=\"fusion-read-more\" href=\"https:\/\/www.muehlenhofschule.de\/en\/2026\/01\/11\/elterncafe-am-mittwoch-14-01\/\" aria-label=\"More on Elterncaf\u00e9 am Mittwoch (15.04.)\">Read More<\/a><\/div><\/div><\/article>\n<article id=\"blog-1-post-74751\" class=\"fusion-post-large post-74751 post type-post status-publish format-standard hentry category-allgemein\">\n\t<style type=\"text\/css\">\n\t\t\n\t\t\n\t\t\n\t\t\n\t\t\t<\/style>\n\n\n<div class=\"fusion-post-content post-content\"><h2 class=\"blog-shortcode-post-title entry-title\"><a href=\"https:\/\/www.muehlenhofschule.de\/en\/2025\/09\/30\/infoabend-fuer-zukuenftige-erstklaessler-eltern\/\">Information evening for future parents of first-graders<\/a><\/h2><div class=\"fusion-post-content-container\"><p>Your child will be six years old by June 30, 2026 [...]<\/p><\/div><\/div><div class=\"fusion-clearfix\"><\/div><div class=\"fusion-meta-info\"><div class=\"fusion-alignleft\">By <span class=\"vcard\"><span class=\"fn\"><a href=\"https:\/\/www.muehlenhofschule.de\/en\/author\/mrepenning\/\" title=\"Posts by Michael Repenning\" rel=\"author\">Michael Repenning<\/a><\/span><\/span><span class=\"fusion-inline-sep\">|<\/span><span class=\"updated\" style=\"display:none;\">2025-09-30T19:58:08+02:00<\/span><span>September 30th, 2025<\/span><span class=\"fusion-inline-sep\">|<\/span>Categories: <a href=\"https:\/\/www.muehlenhofschule.de\/en\/category\/allgemein\/\" rel=\"category tag\">Generally<\/a><span class=\"fusion-inline-sep\">|<\/span><\/div><div class=\"fusion-alignright\"><a class=\"fusion-read-more\" href=\"https:\/\/www.muehlenhofschule.de\/en\/2025\/09\/30\/infoabend-fuer-zukuenftige-erstklaessler-eltern\/\" aria-label=\"More on Infoabend f\u00fcr zuk\u00fcnftige Erstkl\u00e4ssler-Eltern\">Read More<\/a><\/div><\/div><\/article>\n<article id=\"blog-1-post-74700\" class=\"fusion-post-large post-74700 post type-post status-publish format-standard hentry category-allgemein\">\n\t<style type=\"text\/css\">\n\t\t\n\t\t\n\t\t\n\t\t\n\t\t\t<\/style>\n\n\n<div class=\"fusion-post-content post-content\"><h2 class=\"blog-shortcode-post-title entry-title\"><a href=\"https:\/\/www.muehlenhofschule.de\/en\/2025\/06\/09\/strecke-fuer-die-radfahrpruefung\/\">Cycling test for fourth graders in July<\/a><\/h2><div class=\"fusion-post-content-container\"><p>This year&#039;s cycling test for our fourth-graders will take place on July 16 [...]<\/p><\/div><\/div><div class=\"fusion-clearfix\"><\/div><div class=\"fusion-meta-info\"><div class=\"fusion-alignleft\">By <span class=\"vcard\"><span class=\"fn\"><a href=\"https:\/\/www.muehlenhofschule.de\/en\/author\/sreese\/\" title=\"Posts by Sandra Reese\" rel=\"author\">Sandra Reese<\/a><\/span><\/span><span class=\"fusion-inline-sep\">|<\/span><span class=\"updated\" style=\"display:none;\">2025-06-09T23:11:11+02:00<\/span><span>June 9, 2025<\/span><span class=\"fusion-inline-sep\">|<\/span>Categories: <a href=\"https:\/\/www.muehlenhofschule.de\/en\/category\/allgemein\/\" rel=\"category tag\">Generally<\/a><span class=\"fusion-inline-sep\">|<\/span><\/div><div class=\"fusion-alignright\"><a class=\"fusion-read-more\" href=\"https:\/\/www.muehlenhofschule.de\/en\/2025\/06\/09\/strecke-fuer-die-radfahrpruefung\/\" aria-label=\"More on Radfahrpr\u00fcfung der vierten Klassen im Juli\">Read More<\/a><\/div><\/div><\/article>\n<article id=\"blog-1-post-74694\" class=\"fusion-post-large post-74694 post type-post status-publish format-standard hentry category-allgemein\">\n\t<style type=\"text\/css\">\n\t\t\n\t\t\n\t\t\n\t\t\n\t\t\t<\/style>\n\n\n<div class=\"fusion-post-content post-content\"><h2 class=\"blog-shortcode-post-title entry-title\"><a href=\"https:\/\/www.muehlenhofschule.de\/en\/2025\/03\/30\/kostenloses-radfahrtraining-in-den-osterferien-2025\/\">Free cycling training during the Easter holidays 2025<\/a><\/h2><div class=\"fusion-post-content-container\"><p>The Neum\u00fcnster police are also offering a free [...]<\/p><\/div><\/div><div class=\"fusion-clearfix\"><\/div><div class=\"fusion-meta-info\"><div class=\"fusion-alignleft\">By <span class=\"vcard\"><span class=\"fn\"><a href=\"https:\/\/www.muehlenhofschule.de\/en\/author\/sreese\/\" title=\"Posts by Sandra Reese\" rel=\"author\">Sandra Reese<\/a><\/span><\/span><span class=\"fusion-inline-sep\">|<\/span><span class=\"updated\" style=\"display:none;\">2025-03-30T18:11:37+02:00<\/span><span>March 30, 2025<\/span><span class=\"fusion-inline-sep\">|<\/span>Categories: <a href=\"https:\/\/www.muehlenhofschule.de\/en\/category\/allgemein\/\" rel=\"category tag\">Generally<\/a><span class=\"fusion-inline-sep\">|<\/span><\/div><div class=\"fusion-alignright\"><a class=\"fusion-read-more\" href=\"https:\/\/www.muehlenhofschule.de\/en\/2025\/03\/30\/kostenloses-radfahrtraining-in-den-osterferien-2025\/\" aria-label=\"More on Kostenloses Radfahrtraining in den Osterferien 2025\">Read More<\/a><\/div><\/div><\/article>\n<article id=\"blog-1-post-74687\" class=\"fusion-post-large post-74687 post type-post status-publish format-standard hentry category-allgemein\">\n\t<style type=\"text\/css\">\n\t\t\n\t\t\n\t\t\n\t\t\n\t\t\t<\/style>\n\n\n<div class=\"fusion-post-content post-content\"><h2 class=\"blog-shortcode-post-title entry-title\"><a href=\"https:\/\/www.muehlenhofschule.de\/en\/2024\/10\/13\/tueren-auf-am-25-10\/\">Doors open! on October 18th.<\/a><\/h2><div class=\"fusion-post-content-container\"><p>Dear parents, on October 18, 2024, we will reopen our doors and [...]<\/p><\/div><\/div><div class=\"fusion-clearfix\"><\/div><div class=\"fusion-meta-info\"><div class=\"fusion-alignleft\">By <span class=\"vcard\"><span class=\"fn\"><a href=\"https:\/\/www.muehlenhofschule.de\/en\/author\/sreese\/\" title=\"Posts by Sandra Reese\" rel=\"author\">Sandra Reese<\/a><\/span><\/span><span class=\"fusion-inline-sep\">|<\/span><span class=\"updated\" style=\"display:none;\">2024-10-14T14:36:16+02:00<\/span><span>October 13, 2024<\/span><span class=\"fusion-inline-sep\">|<\/span>Categories: <a href=\"https:\/\/www.muehlenhofschule.de\/en\/category\/allgemein\/\" rel=\"category tag\">Generally<\/a><span class=\"fusion-inline-sep\">|<\/span><\/div><div class=\"fusion-alignright\"><a class=\"fusion-read-more\" href=\"https:\/\/www.muehlenhofschule.de\/en\/2024\/10\/13\/tueren-auf-am-25-10\/\" aria-label=\"More on T\u00fcren auf! am 18.10.\">Read More<\/a><\/div><\/div><\/article>\n<\/div><div class=\"pagination clearfix\"><span class=\"current\">1<\/span><a href=\"https:\/\/www.muehlenhofschule.de\/en\/wp-json\/wp\/v2\/pages\/1271\/page\/2\/\" class=\"inactive\">2<\/a><a class=\"pagination-next\" rel=\"next\" href=\"https:\/\/www.muehlenhofschule.de\/en\/wp-json\/wp\/v2\/pages\/1271\/page\/2\/\"><span class=\"page-text\">Next<\/span><span class=\"page-next\"><\/span><\/a><\/div><div class=\"fusion-clearfix\"><\/div><\/div><div class=\"fusion-clearfix\"><\/div><\/div><\/div><\/div><\/div>","protected":false},"excerpt":{"rendered":"","protected":false},"author":3,"featured_media":0,"parent":0,"menu_order":0,"comment_status":"closed","ping_status":"closed","template":"","meta":{"footnotes":""},"class_list":["post-1271","page","type-page","status-publish","hentry"],"_links":{"self":[{"href":"https:\/\/www.muehlenhofschule.de\/en\/wp-json\/wp\/v2\/pages\/1271","targetHints":{"allow":["GET"]}}],"collection":[{"href":"https:\/\/www.muehlenhofschule.de\/en\/wp-json\/wp\/v2\/pages"}],"about":[{"href":"https:\/\/www.muehlenhofschule.de\/en\/wp-json\/wp\/v2\/types\/page"}],"author":[{"embeddable":true,"href":"https:\/\/www.muehlenhofschule.de\/en\/wp-json\/wp\/v2\/users\/3"}],"replies":[{"embeddable":true,"href":"https:\/\/www.muehlenhofschule.de\/en\/wp-json\/wp\/v2\/comments?post=1271"}],"version-history":[{"count":5,"href":"https:\/\/www.muehlenhofschule.de\/en\/wp-json\/wp\/v2\/pages\/1271\/revisions"}],"predecessor-version":[{"id":1328,"href":"https:\/\/www.muehlenhofschule.de\/en\/wp-json\/wp\/v2\/pages\/1271\/revisions\/1328"}],"wp:attachment":[{"href":"https:\/\/www.muehlenhofschule.de\/en\/wp-json\/wp\/v2\/media?parent=1271"}],"curies":[{"name":"wp","href":"https:\/\/api.w.org\/{rel}","templated":true}]}}