{"id":1741,"date":"2021-07-31T18:18:51","date_gmt":"2021-07-31T16:18:51","guid":{"rendered":"https:\/\/www.muehlenhofschule.de\/?page_id=1741"},"modified":"2024-04-16T21:25:11","modified_gmt":"2024-04-16T19:25:11","slug":"geschichte","status":"publish","type":"page","link":"https:\/\/www.muehlenhofschule.de\/en\/geschichte\/","title":{"rendered":"Then and now"},"content":{"rendered":"<p><div class=\"fusion-fullwidth fullwidth-box fusion-builder-row-1 nonhundred-percent-fullwidth non-hundred-percent-height-scrolling\" style=\"background-color: rgba(255,255,255,0);background-position: center center;background-repeat: no-repeat;padding-top:0px;padding-right:0px;padding-bottom:0px;padding-left:0px;margin-bottom: 0px;margin-top: 0px;border-width: 0px 0px 0px 0px;border-color:#e2e2e2;border-style:solid;\" ><div class=\"fusion-builder-row fusion-row\"><div class=\"fusion-layout-column fusion_builder_column fusion-builder-column-0 fusion_builder_column_1_1 1_1 fusion-one-full fusion-column-first fusion-column-last\" style=\"margin-top:0px;margin-bottom:20px;\"><div class=\"fusion-column-wrapper fusion-flex-column-wrapper-legacy\" style=\"background-position:left top;background-repeat:no-repeat;-webkit-background-size:cover;-moz-background-size:cover;-o-background-size:cover;background-size:cover;padding: 0px 0px 0px 0px;\"><style type=\"text\/css\">.fusion-image-before-after-1 .fusion-image-before-after-handle {border-color:#ffffff;}.fusion-image-before-after-1 .fusion-image-before-after-left-arrow {border-right-color:#ffffff;}.fusion-image-before-after-1 .fusion-image-before-after-right-arrow {border-left-color:#ffffff;}.fusion-image-before-after-1 .fusion-image-before-after-handle::after {background:#ffffff;box-shadow: 0 3px 0 #ffffff, 0 0 12px rgba(51,51,51,.5);}.fusion-image-before-after-1 .fusion-image-before-after-handle::before {background:#ffffff;box-shadow: 0 3px 0 #ffffff, 0 0 12px rgba(51,51,51,.5);}.fusion-image-before-after-1 .fusion-image-before-after-handle {background:rgba(255,255,255,0);}.fusion-image-before-after-1 .fusion-image-before-after-before-label:before,.fusion-image-before-after-1 .fusion-image-before-after-after-label:before{font-size:14px;}.fusion-image-before-after-1 .fusion-image-before-after-before-label:before,.fusion-image-before-after-1 .fusion-image-before-after-after-label:before{color:#ffffff;background:rgba(255,255,255,0.15);}<\/style><div class=\"fusion-image-before-after-wrapper fusion-image-before-after-horizontal fusion-image-before-after-wrapper-1\"><div class=\"fusion-image-before-after-element fusion-image-before-after fusion-image-before-after-container fusion-image-before-after-1\" data-offset=\"0.5\" data-orientation=\"horizontal\" data-move-with-handle-only=\"true\" data-click-to-move=\"true\"><img decoding=\"async\" alt=\"Blick vom Kleinflecken in den M\u00fchlenhof\" class=\"fusion-image-before-after-before lazyload\" src=\"data:image\/svg+xml,%3Csvg%20xmlns%3D%27http%3A%2F%2Fwww.w3.org%2F2000%2Fsvg%27%20width%3D%271620%27%20height%3D%271080%27%20viewBox%3D%270%200%201620%201080%27%3E%3Crect%20width%3D%271620%27%20height%3D%271080%27%20fill-opacity%3D%220%22%2F%3E%3C%2Fsvg%3E\" width=\"1620\" height=\"1080\" data-orig-src=\"https:\/\/www.muehlenhofschule.de\/wp-content\/uploads\/2021\/07\/Muehlenhof-4b-Neumuenster-Muehlenhof-um-1910.jpg\"><img decoding=\"async\" alt=\"Blick vom Kleinflecken in den M\u00fchlenhof (Juli 2121)\" class=\"fusion-image-before-after-after lazyload\" src=\"data:image\/svg+xml,%3Csvg%20xmlns%3D%27http%3A%2F%2Fwww.w3.org%2F2000%2Fsvg%27%20width%3D%272560%27%20height%3D%271707%27%20viewBox%3D%270%200%202560%201707%27%3E%3Crect%20width%3D%272560%27%20height%3D%271707%27%20fill-opacity%3D%220%22%2F%3E%3C%2Fsvg%3E\" width=\"2560\" height=\"1707\" data-orig-src=\"https:\/\/www.muehlenhofschule.de\/wp-content\/uploads\/2021\/07\/NeuesNeumuenster-290721-014-scaled.jpg\"><div class=\"fusion-image-before-after-overlay before-after-overlay-image-centered\"><div class=\"fusion-image-before-after-before-label\" data-content=\"Blick vom Kleinflecken in den M\u00fchlenhof\"><\/div><div class=\"fusion-image-before-after-after-label\" data-content=\"Blick vom Kleinflecken in den M\u00fchlenhof (Juli 2121)\"><\/div><\/div><div class=\"fusion-image-before-after-handle fusion-image-before-after-handle-default\"><span class=\"fusion-image-before-after-left-arrow\"><\/span><span class=\"fusion-image-before-after-right-arrow\"><\/span><\/div><\/div><\/div><div class=\"fusion-clearfix\"><\/div><\/div><\/div><\/div><\/div><div class=\"fusion-fullwidth fullwidth-box fusion-builder-row-2 nonhundred-percent-fullwidth non-hundred-percent-height-scrolling\" style=\"background-color: rgba(255,255,255,0);background-position: center center;background-repeat: no-repeat;padding-top:0px;padding-right:0px;padding-bottom:0px;padding-left:0px;margin-bottom: 0px;margin-top: 0px;border-width: 0px 0px 0px 0px;border-color:#e2e2e2;border-style:solid;\" ><div class=\"fusion-builder-row fusion-row\"><div class=\"fusion-layout-column fusion_builder_column fusion-builder-column-1 fusion_builder_column_1_1 1_1 fusion-one-full fusion-column-first fusion-column-last\" style=\"margin-top:0px;margin-bottom:20px;\"><div class=\"fusion-column-wrapper fusion-flex-column-wrapper-legacy\" style=\"background-position:left top;background-repeat:no-repeat;-webkit-background-size:cover;-moz-background-size:cover;-o-background-size:cover;background-size:cover;padding: 0px 0px 0px 0px;\"><style type=\"text\/css\">.fusion-image-before-after-2 .fusion-image-before-after-handle {border-color:#ffffff;}.fusion-image-before-after-2 .fusion-image-before-after-left-arrow {border-right-color:#ffffff;}.fusion-image-before-after-2 .fusion-image-before-after-right-arrow {border-left-color:#ffffff;}.fusion-image-before-after-2 .fusion-image-before-after-handle::after {background:#ffffff;box-shadow: 0 3px 0 #ffffff, 0 0 12px rgba(51,51,51,.5);}.fusion-image-before-after-2 .fusion-image-before-after-handle::before {background:#ffffff;box-shadow: 0 3px 0 #ffffff, 0 0 12px rgba(51,51,51,.5);}.fusion-image-before-after-2 .fusion-image-before-after-handle {background:rgba(255,255,255,0);}.fusion-image-before-after-2 .fusion-image-before-after-before-label:before,.fusion-image-before-after-2 .fusion-image-before-after-after-label:before{font-size:14px;}.fusion-image-before-after-2 .fusion-image-before-after-before-label:before,.fusion-image-before-after-2 .fusion-image-before-after-after-label:before{color:#ffffff;background:rgba(255,255,255,0.15);}<\/style><div class=\"fusion-image-before-after-wrapper fusion-image-before-after-horizontal fusion-image-before-after-wrapper-2\"><div class=\"fusion-image-before-after-element fusion-image-before-after fusion-image-before-after-container fusion-image-before-after-2\" data-offset=\"0.5\" data-orientation=\"horizontal\" data-move-with-handle-only=\"true\" data-click-to-move=\"true\"><img decoding=\"async\" alt=\"Blick in den M\u00fchlenhof H\u00f6he M\u00fchlenhof 22\" class=\"fusion-image-before-after-before lazyload\" src=\"data:image\/svg+xml,%3Csvg%20xmlns%3D%27http%3A%2F%2Fwww.w3.org%2F2000%2Fsvg%27%20width%3D%271464%27%20height%3D%27976%27%20viewBox%3D%270%200%201464%20976%27%3E%3Crect%20width%3D%271464%27%20height%3D%27976%27%20fill-opacity%3D%220%22%2F%3E%3C%2Fsvg%3E\" width=\"1464\" height=\"976\" data-orig-src=\"https:\/\/www.muehlenhofschule.de\/wp-content\/uploads\/2021\/07\/NeuesNeumuenster-290721-005-HDR-Bearbeitetb.jpg\"><img decoding=\"async\" alt=\"M\u00fchlenhof 22 (Juli 2021)\" class=\"fusion-image-before-after-after lazyload\" src=\"data:image\/svg+xml,%3Csvg%20xmlns%3D%27http%3A%2F%2Fwww.w3.org%2F2000%2Fsvg%27%20width%3D%271464%27%20height%3D%27976%27%20viewBox%3D%270%200%201464%20976%27%3E%3Crect%20width%3D%271464%27%20height%3D%27976%27%20fill-opacity%3D%220%22%2F%3E%3C%2Fsvg%3E\" width=\"1464\" height=\"976\" data-orig-src=\"https:\/\/www.muehlenhofschule.de\/wp-content\/uploads\/2021\/07\/NeuesNeumuenster-290721-005-HDR-Bearbeitet.jpg\"><div class=\"fusion-image-before-after-overlay before-after-overlay-image-centered\"><div class=\"fusion-image-before-after-before-label\" data-content=\"Blick in den M\u00fchlenhof H\u00f6he M\u00fchlenhof 22\"><\/div><div class=\"fusion-image-before-after-after-label\" data-content=\"M\u00fchlenhof 22 (Juli 2021)\"><\/div><\/div><div class=\"fusion-image-before-after-handle fusion-image-before-after-handle-default\"><span class=\"fusion-image-before-after-left-arrow\"><\/span><span class=\"fusion-image-before-after-right-arrow\"><\/span><\/div><\/div><\/div><div class=\"fusion-clearfix\"><\/div><\/div><\/div><\/div><\/div><div class=\"fusion-fullwidth fullwidth-box fusion-builder-row-3 nonhundred-percent-fullwidth non-hundred-percent-height-scrolling\" style=\"background-color: rgba(255,255,255,0);background-position: center center;background-repeat: no-repeat;padding-top:0px;padding-right:0px;padding-bottom:0px;padding-left:0px;margin-bottom: 0px;margin-top: 0px;border-width: 0px 0px 0px 0px;border-color:#e2e2e2;border-style:solid;\" ><div class=\"fusion-builder-row fusion-row\"><div class=\"fusion-layout-column fusion_builder_column fusion-builder-column-2 fusion_builder_column_1_1 1_1 fusion-one-full fusion-column-first fusion-column-last\" style=\"margin-top:0px;margin-bottom:20px;\"><div class=\"fusion-column-wrapper fusion-flex-column-wrapper-legacy\" style=\"background-position:left top;background-repeat:no-repeat;-webkit-background-size:cover;-moz-background-size:cover;-o-background-size:cover;background-size:cover;padding: 0px 0px 0px 0px;\"><style type=\"text\/css\">.fusion-image-before-after-3 .fusion-image-before-after-handle {border-color:#ffffff;}.fusion-image-before-after-3 .fusion-image-before-after-left-arrow {border-right-color:#ffffff;}.fusion-image-before-after-3 .fusion-image-before-after-right-arrow {border-left-color:#ffffff;}.fusion-image-before-after-3 .fusion-image-before-after-handle::after {background:#ffffff;box-shadow: 0 3px 0 #ffffff, 0 0 12px rgba(51,51,51,.5);}.fusion-image-before-after-3 .fusion-image-before-after-handle::before {background:#ffffff;box-shadow: 0 3px 0 #ffffff, 0 0 12px rgba(51,51,51,.5);}.fusion-image-before-after-3 .fusion-image-before-after-handle {background:rgba(255,255,255,0);}.fusion-image-before-after-3 .fusion-image-before-after-before-label:before,.fusion-image-before-after-3 .fusion-image-before-after-after-label:before{font-size:14px;}.fusion-image-before-after-3 .fusion-image-before-after-before-label:before,.fusion-image-before-after-3 .fusion-image-before-after-after-label:before{color:#ffffff;background:rgba(255,255,255,0.15);}<\/style><div class=\"fusion-image-before-after-wrapper fusion-image-before-after-horizontal fusion-image-before-after-wrapper-3\"><div class=\"fusion-image-before-after-element fusion-image-before-after fusion-image-before-after-container fusion-image-before-after-3\" data-offset=\"0.5\" data-orientation=\"horizontal\" data-move-with-handle-only=\"true\" data-click-to-move=\"true\"><img decoding=\"async\" alt=\"Seminar f\u00fcr Gymnasien im M\u00fchlenhof 53\" class=\"fusion-image-before-after-before lazyload\" src=\"data:image\/svg+xml,%3Csvg%20xmlns%3D%27http%3A%2F%2Fwww.w3.org%2F2000%2Fsvg%27%20width%3D%271620%27%20height%3D%271080%27%20viewBox%3D%270%200%201620%201080%27%3E%3Crect%20width%3D%271620%27%20height%3D%271080%27%20fill-opacity%3D%220%22%2F%3E%3C%2Fsvg%3E\" width=\"1620\" height=\"1080\" data-orig-src=\"https:\/\/www.muehlenhofschule.de\/wp-content\/uploads\/2021\/07\/Muehlenhof-7b-Muehlenhof-49-Seminar-fuer-Gymnasien.jpg\"><img decoding=\"async\" alt=\"Blick auf den M\u00fchlenhof 53 (Juli 2021)\" class=\"fusion-image-before-after-after lazyload\" src=\"data:image\/svg+xml,%3Csvg%20xmlns%3D%27http%3A%2F%2Fwww.w3.org%2F2000%2Fsvg%27%20width%3D%271620%27%20height%3D%271080%27%20viewBox%3D%270%200%201620%201080%27%3E%3Crect%20width%3D%271620%27%20height%3D%271080%27%20fill-opacity%3D%220%22%2F%3E%3C%2Fsvg%3E\" width=\"1620\" height=\"1080\" data-orig-src=\"https:\/\/www.muehlenhofschule.de\/wp-content\/uploads\/2021\/07\/Muehlenhof-7b-Muehlenhof-49-Seminar-fuer-GymnasienNEU.jpg\"><div class=\"fusion-image-before-after-overlay before-after-overlay-image-centered\"><div class=\"fusion-image-before-after-before-label\" data-content=\"Seminar f\u00fcr Gymnasien im M\u00fchlenhof 53\"><\/div><div class=\"fusion-image-before-after-after-label\" data-content=\"Blick auf den M\u00fchlenhof 53 (Juli 2021)\"><\/div><\/div><div class=\"fusion-image-before-after-handle fusion-image-before-after-handle-default\"><span class=\"fusion-image-before-after-left-arrow\"><\/span><span class=\"fusion-image-before-after-right-arrow\"><\/span><\/div><\/div><\/div><div class=\"fusion-clearfix\"><\/div><\/div><\/div><\/div><\/div><\/p>","protected":false},"excerpt":{"rendered":"","protected":false},"author":2,"featured_media":0,"parent":0,"menu_order":0,"comment_status":"closed","ping_status":"closed","template":"","meta":{"footnotes":""},"class_list":["post-1741","page","type-page","status-publish","hentry"],"_links":{"self":[{"href":"https:\/\/www.muehlenhofschule.de\/en\/wp-json\/wp\/v2\/pages\/1741","targetHints":{"allow":["GET"]}}],"collection":[{"href":"https:\/\/www.muehlenhofschule.de\/en\/wp-json\/wp\/v2\/pages"}],"about":[{"href":"https:\/\/www.muehlenhofschule.de\/en\/wp-json\/wp\/v2\/types\/page"}],"author":[{"embeddable":true,"href":"https:\/\/www.muehlenhofschule.de\/en\/wp-json\/wp\/v2\/users\/2"}],"replies":[{"embeddable":true,"href":"https:\/\/www.muehlenhofschule.de\/en\/wp-json\/wp\/v2\/comments?post=1741"}],"version-history":[{"count":8,"href":"https:\/\/www.muehlenhofschule.de\/en\/wp-json\/wp\/v2\/pages\/1741\/revisions"}],"predecessor-version":[{"id":74585,"href":"https:\/\/www.muehlenhofschule.de\/en\/wp-json\/wp\/v2\/pages\/1741\/revisions\/74585"}],"wp:attachment":[{"href":"https:\/\/www.muehlenhofschule.de\/en\/wp-json\/wp\/v2\/media?parent=1741"}],"curies":[{"name":"wp","href":"https:\/\/api.w.org\/{rel}","templated":true}]}}