{"id":31,"date":"2020-03-17T15:16:41","date_gmt":"2020-03-17T14:16:41","guid":{"rendered":"http:\/\/www.muehlenhofschule.de\/?page_id=31"},"modified":"2026-02-22T15:16:58","modified_gmt":"2026-02-22T14:16:58","slug":"startseite","status":"publish","type":"page","link":"https:\/\/www.muehlenhofschule.de\/en\/","title":{"rendered":"Home"},"content":{"rendered":"<p><div class=\"fusion-fullwidth fullwidth-box fusion-builder-row-1 fusion-flex-container nonhundred-percent-fullwidth non-hundred-percent-height-scrolling\" style=\"background-color: rgba(255,255,255,0);background-position: center center;background-repeat: no-repeat;border-width: 0px 0px 0px 0px;border-color:#e2e2e2;border-style:solid;\" ><div class=\"fusion-builder-row fusion-row fusion-flex-align-items-flex-start\" style=\"max-width:1248px;margin-left: calc(-4% \/ 2 );margin-right: calc(-4% \/ 2 );\"><div class=\"fusion-layout-column fusion_builder_column fusion-builder-column-0 fusion_builder_column_1_1 1_1 fusion-flex-column\"><div class=\"fusion-column-wrapper fusion-flex-justify-content-flex-start fusion-content-layout-column\" style=\"background-position:left top;background-repeat:no-repeat;-webkit-background-size:cover;-moz-background-size:cover;-o-background-size:cover;background-size:cover;padding: 0px 0px 0px 0px;\"><div class=\"fusion-text fusion-text-1\"><\/div><\/div><style type=\"text\/css\">.fusion-body .fusion-builder-column-0{width:100% !important;margin-top : 0px;margin-bottom : 20px;}.fusion-builder-column-0 > .fusion-column-wrapper {padding-top : 0px !important;padding-right : 0px !important;margin-right : 1.92%;padding-bottom : 0px !important;padding-left : 0px !important;margin-left : 1.92%;}@media only screen and (max-width:1024px) {.fusion-body .fusion-builder-column-0{width:100% !important;order : 0;}.fusion-builder-column-0 > .fusion-column-wrapper {margin-right : 1.92%;margin-left : 1.92%;}}@media only screen and (max-width:640px) {.fusion-body .fusion-builder-column-0{width:100% !important;order : 0;}.fusion-builder-column-0 > .fusion-column-wrapper {margin-right : 1.92%;margin-left : 1.92%;}}<\/style><\/div><div class=\"fusion-layout-column fusion_builder_column fusion-builder-column-1 fusion_builder_column_1_1 1_1 fusion-flex-column\"><div class=\"fusion-column-wrapper fusion-flex-justify-content-flex-start fusion-content-layout-column\" style=\"background-position:left top;background-repeat:no-repeat;-webkit-background-size:cover;-moz-background-size:cover;-o-background-size:cover;background-size:cover;padding: 0px 0px 0px 0px;\"><div class=\"fusion-text fusion-text-2\"><p data-fusion-font=\"true\" style=\"font-size: 22px;\"><u><b>Aktueller Hinweis:<\/b><\/u><\/p>\n<p>In den n\u00e4chsten Wochen \/ Monaten (bis etwa Mai) wird die Stra\u00dfe M\u00fchlenhof zur Sackgasse. <br \/>Um Verkehrschaos zu vermeiden, bitten wir Sie, Ihr Kind nicht direkt mit dem Auto bis vor die Schule zu bringen, da es kaum Wendem\u00f6glichkeiten geben wird.<\/p>\n<p>Vielen Dank!<\/p>\n<\/div><\/div><style type=\"text\/css\">.fusion-body .fusion-builder-column-1{width:100% !important;margin-top : 0px;margin-bottom : 20px;}.fusion-builder-column-1 > .fusion-column-wrapper {padding-top : 0px !important;padding-right : 0px !important;margin-right : 1.92%;padding-bottom : 0px !important;padding-left : 0px !important;margin-left : 1.92%;}@media only screen and (max-width:1024px) {.fusion-body .fusion-builder-column-1{width:100% !important;order : 0;}.fusion-builder-column-1 > .fusion-column-wrapper {margin-right : 1.92%;margin-left : 1.92%;}}@media only screen and (max-width:640px) {.fusion-body .fusion-builder-column-1{width:100% !important;order : 0;}.fusion-builder-column-1 > .fusion-column-wrapper {margin-right : 1.92%;margin-left : 1.92%;}}<\/style><style type=\"text\/css\">.fusion-builder-column-1{filter: contrast(127%);transition: filter 0.3s ease;}.fusion-builder-column-1:hover{filter: contrast(100%);}<\/style><\/div><\/div><style type=\"text\/css\">.fusion-body .fusion-flex-container.fusion-builder-row-1{ padding-top : 0px;margin-top : 0px;padding-right : 0px;padding-bottom : 0px;margin-bottom : 0px;padding-left : 0px;}<\/style><\/div><div class=\"fusion-fullwidth fullwidth-box fusion-builder-row-2 nonhundred-percent-fullwidth non-hundred-percent-height-scrolling\" style=\"background-color: rgba(255,255,255,0);background-position: center center;background-repeat: no-repeat;padding-top:0px;padding-right:0px;padding-bottom:39px;padding-left:0px;margin-bottom: 0px;margin-top: 0px;border-width: 0px 0px 0px 0px;border-color:#e2e2e2;border-style:solid;\" ><div class=\"fusion-builder-row fusion-row\"><div class=\"fusion-layout-column fusion_builder_column fusion-builder-column-2 fusion_builder_column_1_2 1_2 fusion-one-half fusion-column-first\" style=\"width:50%;width:calc(50% - ( ( 4% ) * 0.5 ) );margin-right: 4%;margin-top:0px;margin-bottom:20px;\"><div class=\"fusion-column-wrapper fusion-flex-column-wrapper-legacy\" style=\"background-position:left top;background-repeat:no-repeat;-webkit-background-size:cover;-moz-background-size:cover;-o-background-size:cover;background-size:cover;padding: 0px 0px 0px 0px;\"><span class=\"fusion-imageframe imageframe-none imageframe-1 hover-type-none\"><img decoding=\"async\" width=\"1024\" height=\"622\" title=\"new\" src=\"https:\/\/www.muehlenhofschule.de\/wp-content\/uploads\/2020\/03\/neu-1.jpg\" data-orig-src=\"https:\/\/www.muehlenhofschule.de\/wp-content\/uploads\/2020\/03\/neu-1-1024x622.jpg\" alt class=\"lazyload img-responsive wp-image-830\" srcset=\"data:image\/svg+xml,%3Csvg%20xmlns%3D%27http%3A%2F%2Fwww.w3.org%2F2000%2Fsvg%27%20width%3D%271988%27%20height%3D%271207%27%20viewBox%3D%270%200%201988%201207%27%3E%3Crect%20width%3D%271988%27%20height%3D%271207%27%20fill-opacity%3D%220%22%2F%3E%3C%2Fsvg%3E\" data-srcset=\"https:\/\/www.muehlenhofschule.de\/wp-content\/uploads\/2020\/03\/neu-1-200x121.jpg 200w, https:\/\/www.muehlenhofschule.de\/wp-content\/uploads\/2020\/03\/neu-1-400x243.jpg 400w, https:\/\/www.muehlenhofschule.de\/wp-content\/uploads\/2020\/03\/neu-1-600x364.jpg 600w, https:\/\/www.muehlenhofschule.de\/wp-content\/uploads\/2020\/03\/neu-1-800x486.jpg 800w, https:\/\/www.muehlenhofschule.de\/wp-content\/uploads\/2020\/03\/neu-1-1200x729.jpg 1200w\" data-sizes=\"auto\" data-orig-sizes=\"(max-width: 800px) 100vw, 600px\" \/><\/span><div class=\"fusion-clearfix\"><\/div><\/div><\/div><div class=\"fusion-layout-column fusion_builder_column fusion-builder-column-3 fusion_builder_column_1_2 1_2 fusion-one-half fusion-column-last\" style=\"width:50%;width:calc(50% - ( ( 4% ) * 0.5 ) );margin-top:0px;margin-bottom:20px;\"><div class=\"fusion-column-wrapper fusion-flex-column-wrapper-legacy\" style=\"background-position:left top;background-repeat:no-repeat;-webkit-background-size:cover;-moz-background-size:cover;-o-background-size:cover;background-size:cover;padding: 0px 0px 0px 0px;\"><div class=\"fusion-text fusion-text-3\"><h2>\u00a0 \u00a0 \u00a0Welcome!<\/h2>\n<p>We are pleased that you are interested in our school.<\/p>\n<p>Here you will find information about who we are, how we work, what we are planning and current information.<\/p>\n<p>Have fun browsing!<\/p>\n<\/div><div class=\"fusion-clearfix\"><\/div><\/div><\/div><\/div><\/div><div class=\"fusion-fullwidth fullwidth-box fusion-builder-row-3 fusion-flex-container nonhundred-percent-fullwidth non-hundred-percent-height-scrolling\" style=\"background-color: rgba(255,255,255,0);background-position: center center;background-repeat: no-repeat;border-width: 0px 0px 0px 0px;border-color:#e2e2e2;border-style:solid;\" ><div class=\"fusion-builder-row fusion-row fusion-flex-align-items-center fusion-flex-justify-content-center\" style=\"max-width:1248px;margin-left: calc(-4% \/ 2 );margin-right: calc(-4% \/ 2 );\"><div class=\"fusion-layout-column fusion_builder_column fusion-builder-column-4 fusion_builder_column_1_1 1_1 fusion-flex-column\"><div class=\"fusion-column-wrapper fusion-flex-justify-content-flex-start fusion-content-layout-column\" style=\"background-position:left top;background-repeat:no-repeat;-webkit-background-size:cover;-moz-background-size:cover;-o-background-size:cover;background-size:cover;padding: 0px 0px 0px 0px;\"><style type=\"text\/css\">@media only screen and (max-width:1024px) {.fusion-title.fusion-title-1{margin-top:10px!important; margin-right:0px!important;margin-bottom:15px!important;margin-left:0px!important;}}@media only screen and (max-width:640px) {.fusion-title.fusion-title-1{margin-top:10px!important; margin-right:0px!important;margin-bottom:10px!important; margin-left:0px!important;}}<\/style><div class=\"fusion-title title fusion-title-1 fusion-title-center fusion-title-text fusion-title-size-one\" style=\"margin-top:10px;margin-right:0px;margin-bottom:15px;margin-left:0px;\"><div class=\"title-sep-container title-sep-container-left\"><div class=\"title-sep sep-double sep-solid\" style=\"border-color:#e2e2e2;\"><\/div><\/div><span class=\"awb-title-spacer\"><\/span><h1 class=\"title-heading-center fusion-responsive-typography-calculated\" style=\"margin:0;--fontSize:54;line-height:1.16;\"><h3>News from school life<\/h3><\/h1><span class=\"awb-title-spacer\"><\/span><div class=\"title-sep-container title-sep-container-right\"><div class=\"title-sep sep-double sep-solid\" style=\"border-color:#e2e2e2;\"><\/div><\/div><\/div><\/div><style type=\"text\/css\">.fusion-body .fusion-builder-column-4{width:100% !important;margin-top : 0px;margin-bottom : 20px;}.fusion-builder-column-4 > .fusion-column-wrapper {padding-top : 0px !important;padding-right : 0px !important;margin-right : 1.92%;padding-bottom : 0px !important;padding-left : 0px !important;margin-left : 1.92%;}@media only screen and (max-width:1024px) {.fusion-body .fusion-builder-column-4{width:100% !important;order : 0;}.fusion-builder-column-4 > .fusion-column-wrapper {margin-right : 1.92%;margin-left : 1.92%;}}@media only screen and (max-width:640px) {.fusion-body .fusion-builder-column-4{width:100% !important;order : 0;}.fusion-builder-column-4 > .fusion-column-wrapper {margin-right : 1.92%;margin-left : 1.92%;}}<\/style><\/div><\/div><style type=\"text\/css\">.fusion-body .fusion-flex-container.fusion-builder-row-3{ padding-top : 0px;margin-top : 0px;padding-right : 0px;padding-bottom : 0px;margin-bottom : 0px;padding-left : 0px;}<\/style><\/div><div class=\"fusion-fullwidth fullwidth-box fusion-builder-row-4 nonhundred-percent-fullwidth non-hundred-percent-height-scrolling\" style=\"background-color: rgba(255,255,255,0);background-position: center center;background-repeat: no-repeat;padding-top:0px;padding-right:0px;padding-bottom:98px;padding-left:0px;margin-bottom: 0px;margin-top: 0px;border-width: 0px 0px 0px 0px;border-color:#e2e2e2;border-style:solid;\" ><div class=\"fusion-builder-row fusion-row\"><div class=\"fusion-layout-column fusion_builder_column fusion-builder-column-5 fusion_builder_column_1_1 1_1 fusion-one-full fusion-column-first fusion-column-last\" style=\"margin-top:0px;margin-bottom:20px;\"><div class=\"fusion-column-wrapper fusion-flex-column-wrapper-legacy\" style=\"background-position:left top;background-repeat:no-repeat;-webkit-background-size:cover;-moz-background-size:cover;-o-background-size:cover;background-size:cover;padding: 0px 0px 0px 0px;\"><div class=\"fusion-recent-posts fusion-recent-posts-1 avada-container layout-default layout-columns-3\"><section class=\"fusion-columns columns fusion-columns-3 columns-3\"><article class=\"post fusion-column column col col-lg-4 col-md-4 col-sm-4\"><div class=\"recent-posts-content\"><span class=\"vcard\" style=\"display: none;\"><span class=\"fn\"><a href=\"https:\/\/www.muehlenhofschule.de\/en\/author\/sreese\/\" title=\"Posts by Sandra Reese\" rel=\"author\">Sandra Reese<\/a><\/span><\/span><span class=\"updated\" style=\"display:none;\">2026-04-12T17:05:03+02:00<\/span><h4 class=\"entry-title\"><a href=\"https:\/\/www.muehlenhofschule.de\/en\/2026\/04\/12\/gemeinsam-sicher-praevention-und-schutz-an-unserer-schu\/\">Gemeinsam sicher &#8211; Pr\u00e4vention und Schutz an unserer Schule<\/a><\/h4><p class=\"meta\"><span class=\"vcard\" style=\"display: none;\"><span class=\"fn\"><a href=\"https:\/\/www.muehlenhofschule.de\/en\/author\/sreese\/\" title=\"Posts by Sandra Reese\" rel=\"author\">Sandra Reese<\/a><\/span><\/span><span class=\"updated\" style=\"display:none;\">2026-04-12T17:05:03+02:00<\/span><span>April 12th, 2026<\/span><span class=\"fusion-inline-sep\">|<\/span><\/p><p>Unsere Schule soll ein sicherer Ort f\u00fcr alle Kinder sein. Ein Ort, an dem sie sich sicher f\u00fchlen und Hilfe bekommen k\u00f6nnen. Egal ob in der Freizeit, Zuhause oder eben in der Schule, ob durch [...]<\/p><\/div><\/article><article class=\"post fusion-column column col col-lg-4 col-md-4 col-sm-4\"><div class=\"recent-posts-content\"><span class=\"vcard\" style=\"display: none;\"><span class=\"fn\"><a href=\"https:\/\/www.muehlenhofschule.de\/en\/author\/sreese\/\" title=\"Posts by Sandra Reese\" rel=\"author\">Sandra Reese<\/a><\/span><\/span><span class=\"updated\" style=\"display:none;\">2026-04-12T17:03:53+02:00<\/span><h4 class=\"entry-title\"><a href=\"https:\/\/www.muehlenhofschule.de\/en\/2026\/01\/11\/elterncafe-am-mittwoch-14-01\/\">Elterncaf\u00e9 am Mittwoch (15.04.)<\/a><\/h4><p class=\"meta\"><span class=\"vcard\" style=\"display: none;\"><span class=\"fn\"><a href=\"https:\/\/www.muehlenhofschule.de\/en\/author\/sreese\/\" title=\"Posts by Sandra Reese\" rel=\"author\">Sandra Reese<\/a><\/span><\/span><span class=\"updated\" style=\"display:none;\">2026-04-12T17:03:53+02:00<\/span><span>January 11th, 2026<\/span><span class=\"fusion-inline-sep\">|<\/span><\/p><p>Am 15.04.\u00a0 findet wieder das Elterncaf\u00e9 der M\u00fchlenhofschule statt, wie immer organisiert und begleitet von unserer Schulsozialarbeiterin Frau Gr\u00fcnberg. Es bietet eine M\u00f6glichkeit, Fragen zu stellen und Ratschl\u00e4ge zu bekommen, vor allem aber eine M\u00f6glichkeit [...]<\/p><\/div><\/article><article class=\"post fusion-column column col col-lg-4 col-md-4 col-sm-4\"><div class=\"recent-posts-content\"><span class=\"vcard\" style=\"display: none;\"><span class=\"fn\"><a href=\"https:\/\/www.muehlenhofschule.de\/en\/author\/mrepenning\/\" title=\"Posts by Michael Repenning\" rel=\"author\">Michael Repenning<\/a><\/span><\/span><span class=\"updated\" style=\"display:none;\">2025-09-30T19:58:08+02:00<\/span><h4 class=\"entry-title\"><a href=\"https:\/\/www.muehlenhofschule.de\/en\/2025\/09\/30\/infoabend-fuer-zukuenftige-erstklaessler-eltern\/\">Information evening for future parents of first-graders<\/a><\/h4><p class=\"meta\"><span class=\"vcard\" style=\"display: none;\"><span class=\"fn\"><a href=\"https:\/\/www.muehlenhofschule.de\/en\/author\/mrepenning\/\" title=\"Posts by Michael Repenning\" rel=\"author\">Michael Repenning<\/a><\/span><\/span><span class=\"updated\" style=\"display:none;\">2025-09-30T19:58:08+02:00<\/span><span>September 30th, 2025<\/span><span class=\"fusion-inline-sep\">|<\/span><\/p><p>Your child will turn six by June 30, 2026, and will therefore be required to attend school starting in the 2026\/2027 school year. Many parents are now asking themselves: Which school is right for my child? To [...]<\/p><\/div><\/article><article class=\"post fusion-column column col col-lg-4 col-md-4 col-sm-4\"><div class=\"recent-posts-content\"><span class=\"vcard\" style=\"display: none;\"><span class=\"fn\"><a href=\"https:\/\/www.muehlenhofschule.de\/en\/author\/sreese\/\" title=\"Posts by Sandra Reese\" rel=\"author\">Sandra Reese<\/a><\/span><\/span><span class=\"updated\" style=\"display:none;\">2025-06-09T23:11:11+02:00<\/span><h4 class=\"entry-title\"><a href=\"https:\/\/www.muehlenhofschule.de\/en\/2025\/06\/09\/strecke-fuer-die-radfahrpruefung\/\">Cycling test for fourth graders in July<\/a><\/h4><p class=\"meta\"><span class=\"vcard\" style=\"display: none;\"><span class=\"fn\"><a href=\"https:\/\/www.muehlenhofschule.de\/en\/author\/sreese\/\" title=\"Posts by Sandra Reese\" rel=\"author\">Sandra Reese<\/a><\/span><\/span><span class=\"updated\" style=\"display:none;\">2025-06-09T23:11:11+02:00<\/span><span>June 9, 2025<\/span><span class=\"fusion-inline-sep\">|<\/span><\/p><p>This year&#039;s cycling test for our fourth-graders will take place on July 16. You can find the route on our website under &quot;Our School \/ Cycling Test Information&quot; or simply here. This way, [...]<\/p><\/div><\/article><article class=\"post fusion-column column col col-lg-4 col-md-4 col-sm-4\"><div class=\"recent-posts-content\"><span class=\"vcard\" style=\"display: none;\"><span class=\"fn\"><a href=\"https:\/\/www.muehlenhofschule.de\/en\/author\/sreese\/\" title=\"Posts by Sandra Reese\" rel=\"author\">Sandra Reese<\/a><\/span><\/span><span class=\"updated\" style=\"display:none;\">2025-03-30T18:11:37+02:00<\/span><h4 class=\"entry-title\"><a href=\"https:\/\/www.muehlenhofschule.de\/en\/2025\/03\/30\/kostenloses-radfahrtraining-in-den-osterferien-2025\/\">Free cycling training during the Easter holidays 2025<\/a><\/h4><p class=\"meta\"><span class=\"vcard\" style=\"display: none;\"><span class=\"fn\"><a href=\"https:\/\/www.muehlenhofschule.de\/en\/author\/sreese\/\" title=\"Posts by Sandra Reese\" rel=\"author\">Sandra Reese<\/a><\/span><\/span><span class=\"updated\" style=\"display:none;\">2025-03-30T18:11:37+02:00<\/span><span>March 30, 2025<\/span><span class=\"fusion-inline-sep\">|<\/span><\/p><p>The Neum\u00fcnster Police are offering free cycling training at the Youth Traffic School (F\u00e4rberstra\u00dfe 8) for children ages 8 to 12 this Easter break. Participation requires a bicycle and a bicycle helmet. [...]<\/p><\/div><\/article><article class=\"post fusion-column column col col-lg-4 col-md-4 col-sm-4\"><div class=\"recent-posts-content\"><span class=\"vcard\" style=\"display: none;\"><span class=\"fn\"><a href=\"https:\/\/www.muehlenhofschule.de\/en\/author\/sreese\/\" title=\"Posts by Sandra Reese\" rel=\"author\">Sandra Reese<\/a><\/span><\/span><span class=\"updated\" style=\"display:none;\">2024-10-14T14:36:16+02:00<\/span><h4 class=\"entry-title\"><a href=\"https:\/\/www.muehlenhofschule.de\/en\/2024\/10\/13\/tueren-auf-am-25-10\/\">Doors open! on October 18th.<\/a><\/h4><p class=\"meta\"><span class=\"vcard\" style=\"display: none;\"><span class=\"fn\"><a href=\"https:\/\/www.muehlenhofschule.de\/en\/author\/sreese\/\" title=\"Posts by Sandra Reese\" rel=\"author\">Sandra Reese<\/a><\/span><\/span><span class=\"updated\" style=\"display:none;\">2024-10-14T14:36:16+02:00<\/span><span>October 13, 2024<\/span><span class=\"fusion-inline-sep\">|<\/span><\/p><p>Dear parents, on October 18, 2024, we will reopen our doors and cordially invite you to join us for the last lesson before the fall break from 11:25 a.m. to 12:15 p.m. Afterward, everyone [...]<\/p><\/div><\/article><\/section><div class=\"pagination clearfix\"><span class=\"current\">1<\/span><a href=\"https:\/\/www.muehlenhofschule.de\/en\/wp-json\/wp\/v2\/pages\/31\/page\/2\/\" class=\"inactive\">2<\/a><a class=\"pagination-next\" rel=\"next\" href=\"https:\/\/www.muehlenhofschule.de\/en\/wp-json\/wp\/v2\/pages\/31\/page\/2\/\"><span class=\"page-text\">Next<\/span><span class=\"page-next\"><\/span><\/a><\/div><div class=\"fusion-clearfix\"><\/div><\/div><div class=\"fusion-clearfix\"><\/div><\/div><\/div><\/div><\/div><div class=\"fusion-fullwidth fullwidth-box fusion-builder-row-5 nonhundred-percent-fullwidth non-hundred-percent-height-scrolling\" style=\"background-color: rgba(255,255,255,0);background-position: center center;background-repeat: no-repeat;padding-top:0px;padding-right:0px;padding-bottom:0px;padding-left:0px;margin-bottom: 0px;margin-top: 0px;border-width: 0px 0px 0px 0px;border-color:#e2e2e2;border-style:solid;\" ><div class=\"fusion-builder-row fusion-row\"><div class=\"fusion-layout-column fusion_builder_column fusion-builder-column-6 fusion_builder_column_1_4 1_4 fusion-one-fourth fusion-column-first\" style=\"width:25%;width:calc(25% - ( ( 4% + 4% ) * 0.25 ) );margin-right: 4%;margin-top:0px;margin-bottom:20px;\"><div class=\"fusion-column-wrapper fusion-flex-column-wrapper-legacy\" style=\"background-position:left top;background-repeat:no-repeat;-webkit-background-size:cover;-moz-background-size:cover;-o-background-size:cover;background-size:cover;padding: 0px 0px 0px 0px;\"><div class=\"imageframe-align-center\"><span class=\"fusion-imageframe imageframe-none imageframe-2 hover-type-none\" style=\"max-width:200px;\"><a class=\"fusion-no-lightbox\" href=\"https:\/\/www.youtube.com\/channel\/UCZvtkWutgFlw5qGOgPp-I9A\" target=\"_blank\" aria-label=\"YouTube\" rel=\"noopener noreferrer\"><img decoding=\"async\" width=\"502\" height=\"657\" src=\"https:\/\/www.muehlenhofschule.de\/wp-content\/uploads\/2020\/06\/Youtube.png\" data-orig-src=\"https:\/\/www.muehlenhofschule.de\/wp-content\/uploads\/2020\/06\/Youtube.png\" alt class=\"lazyload img-responsive wp-image-1382\" srcset=\"data:image\/svg+xml,%3Csvg%20xmlns%3D%27http%3A%2F%2Fwww.w3.org%2F2000%2Fsvg%27%20width%3D%27502%27%20height%3D%27657%27%20viewBox%3D%270%200%20502%20657%27%3E%3Crect%20width%3D%27502%27%20height%3D%27657%27%20fill-opacity%3D%220%22%2F%3E%3C%2Fsvg%3E\" data-srcset=\"https:\/\/www.muehlenhofschule.de\/wp-content\/uploads\/2020\/06\/Youtube-200x262.png 200w, https:\/\/www.muehlenhofschule.de\/wp-content\/uploads\/2020\/06\/Youtube-400x524.png 400w, https:\/\/www.muehlenhofschule.de\/wp-content\/uploads\/2020\/06\/Youtube.png 502w\" data-sizes=\"auto\" data-orig-sizes=\"(max-width: 800px) 100vw, 400px\" \/><\/a><\/span><\/div><div class=\"fusion-clearfix\"><\/div><\/div><\/div><div class=\"fusion-layout-column fusion_builder_column fusion-builder-column-7 fusion_builder_column_1_4 1_4 fusion-one-fourth\" style=\"width:25%;width:calc(25% - ( ( 4% + 4% ) * 0.25 ) );margin-right: 4%;margin-top:0px;margin-bottom:20px;\"><div class=\"fusion-column-wrapper fusion-flex-column-wrapper-legacy\" style=\"background-position:left top;background-repeat:no-repeat;-webkit-background-size:cover;-moz-background-size:cover;-o-background-size:cover;background-size:cover;padding: 0px 0px 0px 0px;\"><div class=\"fusion-text fusion-text-4\"><p style=\"text-align: left;\">Anyone who wants to learn outside of class is welcome to join our <a href=\"https:\/\/www.youtube.com\/channel\/UCZvtkWutgFlw5qGOgPp-I9A\" target=\"_blank\" rel=\"noopener noreferrer\">YouTube channel<\/a> Stop by and not only learn something new, but also have fun.<\/p>\n<\/div><div class=\"fusion-clearfix\"><\/div><\/div><\/div><div class=\"fusion-layout-column fusion_builder_column fusion-builder-column-8 fusion_builder_column_1_4 1_4 fusion-one-fourth fusion-column-last\" style=\"width:25%;width:calc(25% - ( ( 4% + 4% ) * 0.25 ) );margin-top:0px;margin-bottom:20px;\"><div class=\"fusion-column-wrapper fusion-flex-column-wrapper-legacy\" style=\"background-position:left top;background-repeat:no-repeat;-webkit-background-size:cover;-moz-background-size:cover;-o-background-size:cover;background-size:cover;padding: 0px 0px 0px 0px;\"><div class=\"fusion-clearfix\"><\/div><\/div><\/div><\/div><\/div><\/p>","protected":false},"excerpt":{"rendered":"","protected":false},"author":2,"featured_media":0,"parent":0,"menu_order":0,"comment_status":"closed","ping_status":"closed","template":"","meta":{"footnotes":""},"class_list":["post-31","page","type-page","status-publish","hentry"],"_links":{"self":[{"href":"https:\/\/www.muehlenhofschule.de\/en\/wp-json\/wp\/v2\/pages\/31","targetHints":{"allow":["GET"]}}],"collection":[{"href":"https:\/\/www.muehlenhofschule.de\/en\/wp-json\/wp\/v2\/pages"}],"about":[{"href":"https:\/\/www.muehlenhofschule.de\/en\/wp-json\/wp\/v2\/types\/page"}],"author":[{"embeddable":true,"href":"https:\/\/www.muehlenhofschule.de\/en\/wp-json\/wp\/v2\/users\/2"}],"replies":[{"embeddable":true,"href":"https:\/\/www.muehlenhofschule.de\/en\/wp-json\/wp\/v2\/comments?post=31"}],"version-history":[{"count":116,"href":"https:\/\/www.muehlenhofschule.de\/en\/wp-json\/wp\/v2\/pages\/31\/revisions"}],"predecessor-version":[{"id":74789,"href":"https:\/\/www.muehlenhofschule.de\/en\/wp-json\/wp\/v2\/pages\/31\/revisions\/74789"}],"wp:attachment":[{"href":"https:\/\/www.muehlenhofschule.de\/en\/wp-json\/wp\/v2\/media?parent=31"}],"curies":[{"name":"wp","href":"https:\/\/api.w.org\/{rel}","templated":true}]}}