{"id":588,"date":"2020-03-17T17:59:07","date_gmt":"2020-03-17T16:59:07","guid":{"rendered":"http:\/\/www.muehlenhofschule.de\/?page_id=588"},"modified":"2020-03-18T08:46:09","modified_gmt":"2020-03-18T07:46:09","slug":"impressum","status":"publish","type":"page","link":"https:\/\/www.muehlenhofschule.de\/en\/impressum\/","title":{"rendered":"imprint"},"content":{"rendered":"<p>M\u00fchlenhof School<br \/>\nHeadmaster: Ulrike Jan\u00dfen<br \/>\nM\u00fchlenhof 22<\/p>\n<p>24534 Neum\u00fcnster<\/p>\n<p>info@mhs.neumuenster.de<\/p>\n<p>+49 (4321) \/ 9425360<\/p>\n<p>Responsible for content: Ulrike Jan\u00dfen<\/p>\n<h2>Legal Notice:<\/h2>\n<p>The layout of the website, the graphics used, as well as the articles and images, are protected by copyright. Any use outside the limits of copyright law is prohibited without permission.<\/p>\n<ul>\n<li><strong>Disclaimer<\/strong><br \/>\nThe information you find on this website has been carefully compiled and checked to the best of our knowledge and belief. However, no guarantee \u2013 either express or implied \u2013 is given for the completeness, accuracy, timeliness, quality, or constant availability of the information provided. Under no circumstances is liability assumed for damages resulting from the use of the information accessed.<\/li>\n<\/ul>\n<ul>\n<li><strong>Third-party websites \/ links<\/strong><br \/>\nThis website also contains links or references to third-party websites. These links to third-party websites do not constitute approval of their content by the publisher. No responsibility is assumed for the availability or content of such websites, and no liability is assumed for damages or injuries resulting from the use of such content, regardless of the nature of the content. Links to other websites merely provide users with access to the content. The provider of the linked page is solely liable for illegal, incorrect, or incomplete content and for damages resulting from the use of the linked page.<\/li>\n<\/ul>","protected":false},"excerpt":{"rendered":"<p>M\u00fchlenhofschule Schulleitung: Ulrike Jan\u00dfen M\u00fchlenhof 22 24534 Neum\u00fcnster info@mhs.neumuenster.de +49 [&hellip;]<\/p>","protected":false},"author":5,"featured_media":0,"parent":0,"menu_order":0,"comment_status":"closed","ping_status":"closed","template":"","meta":{"footnotes":""},"class_list":["post-588","page","type-page","status-publish","hentry"],"_links":{"self":[{"href":"https:\/\/www.muehlenhofschule.de\/en\/wp-json\/wp\/v2\/pages\/588","targetHints":{"allow":["GET"]}}],"collection":[{"href":"https:\/\/www.muehlenhofschule.de\/en\/wp-json\/wp\/v2\/pages"}],"about":[{"href":"https:\/\/www.muehlenhofschule.de\/en\/wp-json\/wp\/v2\/types\/page"}],"author":[{"embeddable":true,"href":"https:\/\/www.muehlenhofschule.de\/en\/wp-json\/wp\/v2\/users\/5"}],"replies":[{"embeddable":true,"href":"https:\/\/www.muehlenhofschule.de\/en\/wp-json\/wp\/v2\/comments?post=588"}],"version-history":[{"count":4,"href":"https:\/\/www.muehlenhofschule.de\/en\/wp-json\/wp\/v2\/pages\/588\/revisions"}],"predecessor-version":[{"id":633,"href":"https:\/\/www.muehlenhofschule.de\/en\/wp-json\/wp\/v2\/pages\/588\/revisions\/633"}],"wp:attachment":[{"href":"https:\/\/www.muehlenhofschule.de\/en\/wp-json\/wp\/v2\/media?parent=588"}],"curies":[{"name":"wp","href":"https:\/\/api.w.org\/{rel}","templated":true}]}}