{"id":74821,"date":"2026-04-12T18:50:38","date_gmt":"2026-04-12T16:50:38","guid":{"rendered":"https:\/\/www.muehlenhofschule.de\/?page_id=74821"},"modified":"2026-04-12T18:53:11","modified_gmt":"2026-04-12T16:53:11","slug":"schnibbelteam","status":"publish","type":"page","link":"https:\/\/www.muehlenhofschule.de\/en\/unterrichtszeiten-2\/schnibbelteam\/","title":{"rendered":"Das Schnibbelteam"},"content":{"rendered":"<h3>\u201eSchnibbelteam\u201c &#8211; Obst und Gem\u00fcse f\u00fcr alle<\/h3>\n<div>Jeden Mittwoch und Donnerstag Morgen treffen sich freiwillige Sch\u00fclerinnen und Sch\u00fcler der 4. Klassen zum \u201eSchnibbelteam\u201c.<\/div>\n<div>Begleitet von der Schulsozialarbeiterin Frau Gr\u00fcnberg schneiden sie 10 kg Obst und Gem\u00fcse f\u00fcr alle Klassen.<\/div>\n<div>Neben der Anleitung zu Hygiene und Umgang mit Messer und Co entstehen tolle Gespr\u00e4che und kreative Anrichtideen.<\/div>\n<div><\/div>\n<div>Vielen Dank an die flei\u00dfigen Schnibblerinnen und Schnibbler!<\/div>\n<div><\/div>\n<div><\/div>\n<div><img decoding=\"async\" class=\"lazyload alignnone wp-image-74822\" src=\"https:\/\/www.muehlenhofschule.de\/wp-content\/uploads\/2026\/04\/image0.jpeg\" data-orig-src=\"https:\/\/www.muehlenhofschule.de\/wp-content\/uploads\/2026\/04\/image0.jpeg\" alt=\"\" width=\"521\" height=\"400\" srcset=\"data:image\/svg+xml,%3Csvg%20xmlns%3D%27http%3A%2F%2Fwww.w3.org%2F2000%2Fsvg%27%20width%3D%27521%27%20height%3D%27400%27%20viewBox%3D%270%200%20521%20400%27%3E%3Crect%20width%3D%27521%27%20height%3D%27400%27%20fill-opacity%3D%220%22%2F%3E%3C%2Fsvg%3E\" data-srcset=\"https:\/\/www.muehlenhofschule.de\/wp-content\/uploads\/2026\/04\/image0-16x12.jpeg 16w, https:\/\/www.muehlenhofschule.de\/wp-content\/uploads\/2026\/04\/image0-200x153.jpeg 200w, https:\/\/www.muehlenhofschule.de\/wp-content\/uploads\/2026\/04\/image0-300x230.jpeg 300w, https:\/\/www.muehlenhofschule.de\/wp-content\/uploads\/2026\/04\/image0-400x307.jpeg 400w, https:\/\/www.muehlenhofschule.de\/wp-content\/uploads\/2026\/04\/image0-600x460.jpeg 600w, https:\/\/www.muehlenhofschule.de\/wp-content\/uploads\/2026\/04\/image0.jpeg 640w\" data-sizes=\"auto\" data-orig-sizes=\"(max-width: 521px) 100vw, 521px\" \/><\/div>","protected":false},"excerpt":{"rendered":"<p>\u201eSchnibbelteam\u201c &#8211; Obst und Gem\u00fcse f\u00fcr alle Jeden Mittwoch und [&hellip;]<\/p>","protected":false},"author":5,"featured_media":0,"parent":549,"menu_order":0,"comment_status":"closed","ping_status":"closed","template":"","meta":{"footnotes":""},"class_list":["post-74821","page","type-page","status-publish","hentry"],"_links":{"self":[{"href":"https:\/\/www.muehlenhofschule.de\/en\/wp-json\/wp\/v2\/pages\/74821","targetHints":{"allow":["GET"]}}],"collection":[{"href":"https:\/\/www.muehlenhofschule.de\/en\/wp-json\/wp\/v2\/pages"}],"about":[{"href":"https:\/\/www.muehlenhofschule.de\/en\/wp-json\/wp\/v2\/types\/page"}],"author":[{"embeddable":true,"href":"https:\/\/www.muehlenhofschule.de\/en\/wp-json\/wp\/v2\/users\/5"}],"replies":[{"embeddable":true,"href":"https:\/\/www.muehlenhofschule.de\/en\/wp-json\/wp\/v2\/comments?post=74821"}],"version-history":[{"count":3,"href":"https:\/\/www.muehlenhofschule.de\/en\/wp-json\/wp\/v2\/pages\/74821\/revisions"}],"predecessor-version":[{"id":74827,"href":"https:\/\/www.muehlenhofschule.de\/en\/wp-json\/wp\/v2\/pages\/74821\/revisions\/74827"}],"up":[{"embeddable":true,"href":"https:\/\/www.muehlenhofschule.de\/en\/wp-json\/wp\/v2\/pages\/549"}],"wp:attachment":[{"href":"https:\/\/www.muehlenhofschule.de\/en\/wp-json\/wp\/v2\/media?parent=74821"}],"curies":[{"name":"wp","href":"https:\/\/api.w.org\/{rel}","templated":true}]}}